{"id":11,"date":"2017-10-10T19:25:02","date_gmt":"2017-10-10T17:25:02","guid":{"rendered":"http:\/\/wizzviz.com\/?page_id=11"},"modified":"2018-04-29T13:27:38","modified_gmt":"2018-04-29T11:27:38","slug":"une-section-de-page-daccueil","status":"publish","type":"page","link":"https:\/\/wizzviz.com\/","title":{"rendered":"COMMUNIQUER \/ CAPTIVER \/ CONVAINCRE"},"content":{"rendered":"<p>On analyse rarement les donn\u00e9es pour soi-m\u00eame !<\/p>\n<p>Les r\u00e9sultats de vos analyses doivent \u00eatre pr\u00e9sent\u00e9s et expliqu\u00e9s \u00e0 vos coll\u00e8gues, \u00e0 votre \u00e9quipe, \u00e0 votre hi\u00e9rarchie, votre comit\u00e9 ex\u00e9cutif, comit\u00e9 de direction, conseil d&rsquo;administration, \u00e0 vos actionnaires,\u00a0 vos partenaires, vos clients, \u00e0 des analystes financiers ou autres&#8230;<\/p>\n<p>Vous devez donc <strong>COMMUNIQUER<\/strong> : ce que vous avez trouv\u00e9, vos constats, vos explications, vos conclusions, vos pr\u00e9conisations pour am\u00e9liorer les choses&#8230; expliquer tout cela \u00e0 votre auditoire&#8230; et \u00e9ventuellement amener vos interlocuteurs \u00e0 prendre des d\u00e9cisions&#8230;\u00a0 les d\u00e9cisions que vous souhaitez qu&rsquo;ils prennent !<\/p>\n<p>Pour cela, vous allez devoir retenir leur attention, les <strong>CAPTIVER<\/strong>, pour faire passer efficacement vos messages.<\/p>\n<p>En un mot, vous allez devoir <strong>CONVAINCRE<\/strong> !!!<\/p>\n","protected":false},"excerpt":{"rendered":"<p>On analyse rarement les donn\u00e9es pour soi-m\u00eame ! Les r\u00e9sultats de vos analyses doivent \u00eatre pr\u00e9sent\u00e9s et expliqu\u00e9s \u00e0 vos coll\u00e8gues, \u00e0 votre \u00e9quipe, \u00e0 votre hi\u00e9rarchie, votre comit\u00e9 ex\u00e9cutif, comit\u00e9 de direction, conseil d&rsquo;administration, \u00e0 vos actionnaires,\u00a0 vos partenaires, vos clients, \u00e0 des analystes financiers ou autres&#8230; Vous devez donc COMMUNIQUER : ce que &hellip; <\/p>\n<p class=\"link-more\"><a href=\"https:\/\/wizzviz.com\/\" class=\"more-link\">Continuer la lecture<span class=\"screen-reader-text\"> de &laquo;&nbsp;COMMUNIQUER \/ CAPTIVER \/ CONVAINCRE&nbsp;&raquo;<\/span><\/a><\/p>\n","protected":false},"author":1,"featured_media":46,"parent":0,"menu_order":0,"comment_status":"closed","ping_status":"closed","template":"","meta":{"footnotes":""},"class_list":["post-11","page","type-page","status-publish","has-post-thumbnail","hentry"],"_links":{"self":[{"href":"https:\/\/wizzviz.com\/index.php\/wp-json\/wp\/v2\/pages\/11","targetHints":{"allow":["GET"]}}],"collection":[{"href":"https:\/\/wizzviz.com\/index.php\/wp-json\/wp\/v2\/pages"}],"about":[{"href":"https:\/\/wizzviz.com\/index.php\/wp-json\/wp\/v2\/types\/page"}],"author":[{"embeddable":true,"href":"https:\/\/wizzviz.com\/index.php\/wp-json\/wp\/v2\/users\/1"}],"replies":[{"embeddable":true,"href":"https:\/\/wizzviz.com\/index.php\/wp-json\/wp\/v2\/comments?post=11"}],"version-history":[{"count":10,"href":"https:\/\/wizzviz.com\/index.php\/wp-json\/wp\/v2\/pages\/11\/revisions"}],"predecessor-version":[{"id":132,"href":"https:\/\/wizzviz.com\/index.php\/wp-json\/wp\/v2\/pages\/11\/revisions\/132"}],"wp:featuredmedia":[{"embeddable":true,"href":"https:\/\/wizzviz.com\/index.php\/wp-json\/wp\/v2\/media\/46"}],"wp:attachment":[{"href":"https:\/\/wizzviz.com\/index.php\/wp-json\/wp\/v2\/media?parent=11"}],"curies":[{"name":"wp","href":"https:\/\/api.w.org\/{rel}","templated":true}]}}