{"id":114,"date":"2018-04-09T21:19:42","date_gmt":"2018-04-09T19:19:42","guid":{"rendered":"http:\/\/wizzviz.com\/?page_id=114"},"modified":"2018-04-12T13:23:17","modified_gmt":"2018-04-12T11:23:17","slug":"data-storytelling-mise-en-recit-des-donnees","status":"publish","type":"page","link":"https:\/\/wizzviz.com\/index.php\/data-storytelling-mise-en-recit-des-donnees\/","title":{"rendered":"DATA STORYTELLING \/ MISE EN R\u00c9CIT DES DONN\u00c9ES"},"content":{"rendered":"<p>Aujourd\u2019hui, r\u00e9aliser et d\u00e9ployer des rapports ou des tableaux de bord, fussent-ils dynamiques et interactifs, ne suffit plus. Logiciels de <em><strong>BI<\/strong><\/em> et autres outils de <em><strong>DATAVIZ<\/strong> <\/em>doivent \u00eatre exploit\u00e9s au mieux pour <strong>faire parler les donn\u00e9es<\/strong>, pour les <strong>valoriser<\/strong> et pour <strong>raconter une histoire centr\u00e9e sur les donn\u00e9es<\/strong>&#8230;<\/p>\n","protected":false},"excerpt":{"rendered":"<p>Aujourd\u2019hui, r\u00e9aliser et d\u00e9ployer des rapports ou des tableaux de bord, fussent-ils dynamiques et interactifs, ne suffit plus. Logiciels de BI et autres outils de DATAVIZ doivent \u00eatre exploit\u00e9s au mieux pour faire parler les donn\u00e9es, pour les valoriser et pour raconter une histoire centr\u00e9e sur les donn\u00e9es&#8230;<\/p>\n","protected":false},"author":1,"featured_media":50,"parent":0,"menu_order":0,"comment_status":"closed","ping_status":"closed","template":"","meta":{"footnotes":""},"class_list":["post-114","page","type-page","status-publish","has-post-thumbnail","hentry"],"_links":{"self":[{"href":"https:\/\/wizzviz.com\/index.php\/wp-json\/wp\/v2\/pages\/114","targetHints":{"allow":["GET"]}}],"collection":[{"href":"https:\/\/wizzviz.com\/index.php\/wp-json\/wp\/v2\/pages"}],"about":[{"href":"https:\/\/wizzviz.com\/index.php\/wp-json\/wp\/v2\/types\/page"}],"author":[{"embeddable":true,"href":"https:\/\/wizzviz.com\/index.php\/wp-json\/wp\/v2\/users\/1"}],"replies":[{"embeddable":true,"href":"https:\/\/wizzviz.com\/index.php\/wp-json\/wp\/v2\/comments?post=114"}],"version-history":[{"count":2,"href":"https:\/\/wizzviz.com\/index.php\/wp-json\/wp\/v2\/pages\/114\/revisions"}],"predecessor-version":[{"id":136,"href":"https:\/\/wizzviz.com\/index.php\/wp-json\/wp\/v2\/pages\/114\/revisions\/136"}],"wp:featuredmedia":[{"embeddable":true,"href":"https:\/\/wizzviz.com\/index.php\/wp-json\/wp\/v2\/media\/50"}],"wp:attachment":[{"href":"https:\/\/wizzviz.com\/index.php\/wp-json\/wp\/v2\/media?parent=114"}],"curies":[{"name":"wp","href":"https:\/\/api.w.org\/{rel}","templated":true}]}}